{"id":589,"date":"2023-10-27T15:00:40","date_gmt":"2023-10-27T18:00:40","guid":{"rendered":"https:\/\/vitrinearabe.com\/vitrinereprodutoras\/?page_id=589"},"modified":"2024-10-08T14:10:45","modified_gmt":"2024-10-08T17:10:45","slug":"termos-de-uso","status":"publish","type":"page","link":"https:\/\/vitrinearabe.com\/vitrinereprodutoras\/termos-de-uso\/","title":{"rendered":"Termos de uso"},"content":{"rendered":"\t\t<div data-elementor-type=\"wp-page\" data-elementor-id=\"589\" class=\"elementor elementor-589\" data-elementor-post-type=\"page\">\n\t\t\t\t<div class=\"elementor-element elementor-element-59fbf012 e-flex e-con-boxed e-con e-parent\" data-id=\"59fbf012\" data-element_type=\"container\">\n\t\t\t\t\t<div class=\"e-con-inner\">\n\t\t\t\t<div class=\"elementor-element elementor-element-2f58bc0 elementor-widget elementor-widget-heading\" data-id=\"2f58bc0\" data-element_type=\"widget\" data-widget_type=\"heading.default\">\n\t\t\t\t<div class=\"elementor-widget-container\">\n\t\t\t\t\t<h2 class=\"elementor-heading-title elementor-size-default\">Termos de uso<\/h2>\t\t\t\t<\/div>\n\t\t\t\t<\/div>\n\t\t\t\t<div class=\"elementor-element elementor-element-55c9f170 elementor-widget elementor-widget-text-editor\" data-id=\"55c9f170\" data-element_type=\"widget\" data-widget_type=\"text-editor.default\">\n\t\t\t\t<div class=\"elementor-widget-container\">\n\t\t\t\t\t\t\t\t\t<p><\/p>\n<ol>\n<li><b>Termos<\/b><br>Ao acessar ao site Vitrine \u00c1rabe &#8211; Guia de Reprodutoras, voc\u00ea concorda em cumprir estes termos de servi\u00e7o, todas as leis e regulamentos aplic\u00e1veis e concorda que \u00e9 respons\u00e1vel pelo cumprimento de todas as leis locais aplic\u00e1veis. Se voc\u00ea n\u00e3o concordar com algum desses termos, est\u00e1 proibido de usar ou acessar este site. Os materiais contidos neste site s\u00e3o protegidos pelas leis de direitos autorais e marcas comerciais aplic\u00e1veis.<\/li>\n<li><b>Uso de Licen\u00e7a<\/b><br>\u00c9 proibida a c\u00f3pia dos materiais (informa\u00e7\u00f5es ou software) e reprodu\u00e7\u00e3o de todo ou qualquer conte\u00fado no site Vitrine \u00c1rabe &#8211; Guia de Reprodutoras. Voc\u00ea n\u00e3o pode:<\/li>\n<li><b>Modificar ou copiar os materiais;<\/b><br>Usar os materiais para qualquer finalidade comercial ou para exibi\u00e7\u00e3o p\u00fablica (comercial ou n\u00e3o comercial);<br>Tentar descompilar ou fazer engenharia reversa de qualquer software contido no Vitrine \u00c1rabe &#8211; Guia de Reprodutoras;<br>Remover quaisquer direitos autorais ou outras nota\u00e7\u00f5es de propriedade dos materiais, ou transferir os materiais para outra pessoa, ou \u2018espelhe\u2019 os materiais em qualquer outro servidor.<\/li>\n<li><b>Isen\u00e7\u00e3o de responsabilidade<\/b><br>Os materiais no site Vitrine \u00c1rabe &#8211; Guia de Reprodutoras s\u00e3o fornecidos \u201ccomo est\u00e3o\u201d. Vitrine \u00c1rabe &#8211; Guia de Reprodutoras n\u00e3o oferece garantias, expressas ou impl\u00edcitas, e, por este meio, isenta e nega todas as outras garantias, incluindo, sem limita\u00e7\u00e3o, garantias impl\u00edcitas ou condi\u00e7\u00f5es de comercializa\u00e7\u00e3o, adequa\u00e7\u00e3o a um fim espec\u00edfico ou n\u00e3o viola\u00e7\u00e3o de propriedade intelectual, ou outra viola\u00e7\u00e3o de direitos. Al\u00e9m disso, o site Vitrine \u00c1rabe &#8211; Guia de Reprodutoras n\u00e3o garante ou faz qualquer representa\u00e7\u00e3o relativa \u00e0 precis\u00e3o, aos resultados prov\u00e1veis ou \u00e0 confiabilidade do uso dos materiais em seu site, ou de outra forma relacionado a esses materiais, ou em sites vinculados a este site.<\/li>\n<li><b>Limita\u00e7\u00f5es<\/b><br>Em nenhum caso, o site Vitrine \u00c1rabe &#8211; Guia de Reprodutoras ou seus fornecedores ser\u00e3o respons\u00e1veis por quaisquer danos (incluindo, sem limita\u00e7\u00e3o, danos por perda de dados ou lucro, ou devido \u00e0 interrup\u00e7\u00e3o dos neg\u00f3cios) decorrentes do uso ou da incapacidade de usar os materiais em Vitrine \u00c1rabe &#8211; Guia de Reprodutoras. Como algumas jurisdi\u00e7\u00f5es n\u00e3o permitem limita\u00e7\u00f5es em garantias impl\u00edcitas, ou limita\u00e7\u00f5es de responsabilidade por danos consequentes, ou incidentais, essas limita\u00e7\u00f5es podem n\u00e3o se aplicar a voc\u00ea.<\/li>\n<li><b>Precis\u00e3o dos materiais<\/b><br>Os materiais exibidos no site Vitrine \u00c1rabe &#8211; Guia de Reprodutoras podem incluir erros t\u00e9cnicos, tipogr\u00e1ficos ou fotogr\u00e1ficos. Vitrine \u00c1rabe &#8211; Guia de Reprodutoras n\u00e3o garante que qualquer material em seu site seja preciso, completo ou atual. Vitrine \u00c1rabe &#8211; Guia de Reprodutoras pode fazer altera\u00e7\u00f5es nos materiais contidos em seu site a qualquer momento, sem aviso. No entanto, Vitrine \u00c1rabe &#8211; Guia de Reprodutoras n\u00e3o se compromete a atualizar os materiais.<\/li>\n<li><b>Links<\/b><br>Vitrine \u00c1rabe &#8211; Guia de Reprodutoras n\u00e3o analisou todos os sites vinculados ao seu site e n\u00e3o \u00e9 respons\u00e1vel pelo conte\u00fado de nenhum site vinculado. A inclus\u00e3o de qualquer link n\u00e3o implica endosso por Vitrine \u00c1rabe &#8211; Guia de Reprodutoras do site. O uso de qualquer site vinculado \u00e9 por conta e risco do usu\u00e1rio.<\/li>\n<li><b>Modifica\u00e7\u00f5es<\/b><br>Vitrine \u00c1rabe &#8211; Guia de Reprodutoras pode revisar estes termos de servi\u00e7o do site a qualquer momento, sem aviso. Ao usar este site, voc\u00ea concorda em ficar vinculado \u00e0 vers\u00e3o atual desses termos de servi\u00e7o.<\/li>\n<li><b>Lei aplic\u00e1vel<\/b><\/li>\n<li>Estes termos e condi\u00e7\u00f5es s\u00e3o regidos e interpretados conforme as leis do site Vitrine \u00c1rabe &#8211; Guia de Reprodutoras e voc\u00ea se submete irrevogavelmente \u00e0 jurisdi\u00e7\u00e3o exclusiva dos tribunais naquele estado ou localidade.<\/li>\n<\/ol>\n<p><\/p>\t\t\t\t\t\t\t\t<\/div>\n\t\t\t\t<\/div>\n\t\t\t\t\t<\/div>\n\t\t\t\t<\/div>\n\t\t\t\t<\/div>\n\t\t","protected":false},"excerpt":{"rendered":"<p>Termos de uso TermosAo acessar ao site Vitrine \u00c1rabe &#8211; Guia de Reprodutoras, voc\u00ea concorda em cumprir estes termos de servi\u00e7o, todas as leis e regulamentos aplic\u00e1veis e concorda que \u00e9 respons\u00e1vel pelo cumprimento de todas as leis locais aplic\u00e1veis. Se voc\u00ea n\u00e3o concordar com algum desses termos, est\u00e1 proibido de usar ou acessar este [&hellip;]<\/p>\n","protected":false},"author":1,"featured_media":0,"parent":0,"menu_order":0,"comment_status":"closed","ping_status":"closed","template":"elementor_header_footer","meta":{"_acf_changed":false,"footnotes":""},"class_list":["post-589","page","type-page","status-publish","hentry"],"acf":[],"yoast_head":"<!-- This site is optimized with the Yoast SEO plugin v24.2 - https:\/\/yoast.com\/wordpress\/plugins\/seo\/ -->\n<title>Termos de uso - Vitrine \u00c1rabe<\/title>\n<meta name=\"robots\" content=\"index, follow, max-snippet:-1, max-image-preview:large, max-video-preview:-1\" \/>\n<link rel=\"canonical\" href=\"https:\/\/vitrinearabe.com\/vitrinereprodutoras\/termos-de-uso\/\" \/>\n<meta property=\"og:locale\" content=\"pt_BR\" \/>\n<meta property=\"og:type\" content=\"article\" \/>\n<meta property=\"og:title\" content=\"Termos de uso - Vitrine \u00c1rabe\" \/>\n<meta property=\"og:description\" content=\"Termos de uso TermosAo acessar ao site Vitrine \u00c1rabe &#8211; Guia de Reprodutoras, voc\u00ea concorda em cumprir estes termos de servi\u00e7o, todas as leis e regulamentos aplic\u00e1veis e concorda que \u00e9 respons\u00e1vel pelo cumprimento de todas as leis locais aplic\u00e1veis. Se voc\u00ea n\u00e3o concordar com algum desses termos, est\u00e1 proibido de usar ou acessar este [&hellip;]\" \/>\n<meta property=\"og:url\" content=\"https:\/\/vitrinearabe.com\/vitrinereprodutoras\/termos-de-uso\/\" \/>\n<meta property=\"og:site_name\" content=\"Vitrine \u00c1rabe\" \/>\n<meta property=\"article:modified_time\" content=\"2024-10-08T17:10:45+00:00\" \/>\n<meta name=\"twitter:card\" content=\"summary_large_image\" \/>\n<meta name=\"twitter:label1\" content=\"Est. tempo de leitura\" \/>\n\t<meta name=\"twitter:data1\" content=\"3 minutos\" \/>\n<script type=\"application\/ld+json\" class=\"yoast-schema-graph\">{\"@context\":\"https:\/\/schema.org\",\"@graph\":[{\"@type\":\"WebPage\",\"@id\":\"https:\/\/vitrinearabe.com\/vitrinereprodutoras\/termos-de-uso\/\",\"url\":\"https:\/\/vitrinearabe.com\/vitrinereprodutoras\/termos-de-uso\/\",\"name\":\"Termos de uso - Vitrine \u00c1rabe\",\"isPartOf\":{\"@id\":\"https:\/\/vitrinearabe.com\/vitrinereprodutoras\/#website\"},\"datePublished\":\"2023-10-27T18:00:40+00:00\",\"dateModified\":\"2024-10-08T17:10:45+00:00\",\"breadcrumb\":{\"@id\":\"https:\/\/vitrinearabe.com\/vitrinereprodutoras\/termos-de-uso\/#breadcrumb\"},\"inLanguage\":\"pt-BR\",\"potentialAction\":[{\"@type\":\"ReadAction\",\"target\":[\"https:\/\/vitrinearabe.com\/vitrinereprodutoras\/termos-de-uso\/\"]}]},{\"@type\":\"BreadcrumbList\",\"@id\":\"https:\/\/vitrinearabe.com\/vitrinereprodutoras\/termos-de-uso\/#breadcrumb\",\"itemListElement\":[{\"@type\":\"ListItem\",\"position\":1,\"name\":\"In\u00edcio\",\"item\":\"https:\/\/vitrinearabe.com\/vitrinereprodutoras\/\"},{\"@type\":\"ListItem\",\"position\":2,\"name\":\"Termos de uso\"}]},{\"@type\":\"WebSite\",\"@id\":\"https:\/\/vitrinearabe.com\/vitrinereprodutoras\/#website\",\"url\":\"https:\/\/vitrinearabe.com\/vitrinereprodutoras\/\",\"name\":\"Guia de Reprodutores \u00c1rabes 2023\",\"description\":\"Guia de Reprodutoras \u00c1rabes 2024\",\"publisher\":{\"@id\":\"https:\/\/vitrinearabe.com\/vitrinereprodutoras\/#organization\"},\"potentialAction\":[{\"@type\":\"SearchAction\",\"target\":{\"@type\":\"EntryPoint\",\"urlTemplate\":\"https:\/\/vitrinearabe.com\/vitrinereprodutoras\/?s={search_term_string}\"},\"query-input\":{\"@type\":\"PropertyValueSpecification\",\"valueRequired\":true,\"valueName\":\"search_term_string\"}}],\"inLanguage\":\"pt-BR\"},{\"@type\":\"Organization\",\"@id\":\"https:\/\/vitrinearabe.com\/vitrinereprodutoras\/#organization\",\"name\":\"Guia de Reprodutores \u00c1rabes 2023\",\"url\":\"https:\/\/vitrinearabe.com\/vitrinereprodutoras\/\",\"logo\":{\"@type\":\"ImageObject\",\"inLanguage\":\"pt-BR\",\"@id\":\"https:\/\/vitrinearabe.com\/vitrinereprodutoras\/#\/schema\/logo\/image\/\",\"url\":\"https:\/\/vitrinearabe.com\/vitrinereprodutoras\/wp-content\/uploads\/2023\/10\/Logotipo-Mobile.webp\",\"contentUrl\":\"https:\/\/vitrinearabe.com\/vitrinereprodutoras\/wp-content\/uploads\/2023\/10\/Logotipo-Mobile.webp\",\"width\":304,\"height\":112,\"caption\":\"Guia de Reprodutores \u00c1rabes 2023\"},\"image\":{\"@id\":\"https:\/\/vitrinearabe.com\/vitrinereprodutoras\/#\/schema\/logo\/image\/\"}}]}<\/script>\n<!-- \/ Yoast SEO plugin. -->","yoast_head_json":{"title":"Termos de uso - Vitrine \u00c1rabe","robots":{"index":"index","follow":"follow","max-snippet":"max-snippet:-1","max-image-preview":"max-image-preview:large","max-video-preview":"max-video-preview:-1"},"canonical":"https:\/\/vitrinearabe.com\/vitrinereprodutoras\/termos-de-uso\/","og_locale":"pt_BR","og_type":"article","og_title":"Termos de uso - Vitrine \u00c1rabe","og_description":"Termos de uso TermosAo acessar ao site Vitrine \u00c1rabe &#8211; Guia de Reprodutoras, voc\u00ea concorda em cumprir estes termos de servi\u00e7o, todas as leis e regulamentos aplic\u00e1veis e concorda que \u00e9 respons\u00e1vel pelo cumprimento de todas as leis locais aplic\u00e1veis. Se voc\u00ea n\u00e3o concordar com algum desses termos, est\u00e1 proibido de usar ou acessar este [&hellip;]","og_url":"https:\/\/vitrinearabe.com\/vitrinereprodutoras\/termos-de-uso\/","og_site_name":"Vitrine \u00c1rabe","article_modified_time":"2024-10-08T17:10:45+00:00","twitter_card":"summary_large_image","twitter_misc":{"Est. tempo de leitura":"3 minutos"},"schema":{"@context":"https:\/\/schema.org","@graph":[{"@type":"WebPage","@id":"https:\/\/vitrinearabe.com\/vitrinereprodutoras\/termos-de-uso\/","url":"https:\/\/vitrinearabe.com\/vitrinereprodutoras\/termos-de-uso\/","name":"Termos de uso - Vitrine \u00c1rabe","isPartOf":{"@id":"https:\/\/vitrinearabe.com\/vitrinereprodutoras\/#website"},"datePublished":"2023-10-27T18:00:40+00:00","dateModified":"2024-10-08T17:10:45+00:00","breadcrumb":{"@id":"https:\/\/vitrinearabe.com\/vitrinereprodutoras\/termos-de-uso\/#breadcrumb"},"inLanguage":"pt-BR","potentialAction":[{"@type":"ReadAction","target":["https:\/\/vitrinearabe.com\/vitrinereprodutoras\/termos-de-uso\/"]}]},{"@type":"BreadcrumbList","@id":"https:\/\/vitrinearabe.com\/vitrinereprodutoras\/termos-de-uso\/#breadcrumb","itemListElement":[{"@type":"ListItem","position":1,"name":"In\u00edcio","item":"https:\/\/vitrinearabe.com\/vitrinereprodutoras\/"},{"@type":"ListItem","position":2,"name":"Termos de uso"}]},{"@type":"WebSite","@id":"https:\/\/vitrinearabe.com\/vitrinereprodutoras\/#website","url":"https:\/\/vitrinearabe.com\/vitrinereprodutoras\/","name":"Guia de Reprodutores \u00c1rabes 2023","description":"Guia de Reprodutoras \u00c1rabes 2024","publisher":{"@id":"https:\/\/vitrinearabe.com\/vitrinereprodutoras\/#organization"},"potentialAction":[{"@type":"SearchAction","target":{"@type":"EntryPoint","urlTemplate":"https:\/\/vitrinearabe.com\/vitrinereprodutoras\/?s={search_term_string}"},"query-input":{"@type":"PropertyValueSpecification","valueRequired":true,"valueName":"search_term_string"}}],"inLanguage":"pt-BR"},{"@type":"Organization","@id":"https:\/\/vitrinearabe.com\/vitrinereprodutoras\/#organization","name":"Guia de Reprodutores \u00c1rabes 2023","url":"https:\/\/vitrinearabe.com\/vitrinereprodutoras\/","logo":{"@type":"ImageObject","inLanguage":"pt-BR","@id":"https:\/\/vitrinearabe.com\/vitrinereprodutoras\/#\/schema\/logo\/image\/","url":"https:\/\/vitrinearabe.com\/vitrinereprodutoras\/wp-content\/uploads\/2023\/10\/Logotipo-Mobile.webp","contentUrl":"https:\/\/vitrinearabe.com\/vitrinereprodutoras\/wp-content\/uploads\/2023\/10\/Logotipo-Mobile.webp","width":304,"height":112,"caption":"Guia de Reprodutores \u00c1rabes 2023"},"image":{"@id":"https:\/\/vitrinearabe.com\/vitrinereprodutoras\/#\/schema\/logo\/image\/"}}]}},"_links":{"self":[{"href":"https:\/\/vitrinearabe.com\/vitrinereprodutoras\/wp-json\/wp\/v2\/pages\/589","targetHints":{"allow":["GET"]}}],"collection":[{"href":"https:\/\/vitrinearabe.com\/vitrinereprodutoras\/wp-json\/wp\/v2\/pages"}],"about":[{"href":"https:\/\/vitrinearabe.com\/vitrinereprodutoras\/wp-json\/wp\/v2\/types\/page"}],"author":[{"embeddable":true,"href":"https:\/\/vitrinearabe.com\/vitrinereprodutoras\/wp-json\/wp\/v2\/users\/1"}],"replies":[{"embeddable":true,"href":"https:\/\/vitrinearabe.com\/vitrinereprodutoras\/wp-json\/wp\/v2\/comments?post=589"}],"version-history":[{"count":0,"href":"https:\/\/vitrinearabe.com\/vitrinereprodutoras\/wp-json\/wp\/v2\/pages\/589\/revisions"}],"wp:attachment":[{"href":"https:\/\/vitrinearabe.com\/vitrinereprodutoras\/wp-json\/wp\/v2\/media?parent=589"}],"curies":[{"name":"wp","href":"https:\/\/api.w.org\/{rel}","templated":true}]}}